{"id":425,"date":"2016-03-15T17:01:43","date_gmt":"2016-03-15T16:01:43","guid":{"rendered":"http:\/\/toptec-germany.de\/en\/?page_id=425"},"modified":"2016-03-15T17:01:43","modified_gmt":"2016-03-15T16:01:43","slug":"imprint","status":"publish","type":"page","link":"https:\/\/toptec-germany.de\/en\/imprint\/","title":{"rendered":"Imprint"},"content":{"rendered":"<h1>Impressum<\/h1>\n<p>Pflichtangaben nach \u00a7 5 TeleMedienGesetz (TMG)<br \/>\nBetreiber dieses Online-Angebotes und inhaltlich verantwortlich: Olaf D\u00f6rfler<\/p>\n<p>TopTec Spezialmaschinen GmbH<br \/>\nBreithornstr. 10<br \/>\nD-81825 M\u00fcnchen<br \/>\nGermany<\/p>\n<p>Telefon +49 (0) 89 42 72 05 50<br \/>\nTelefax +49 (0) 89 42 39 95<br \/>\nE-Mail <a href=\"mailto:info@toptec-germany.de\">info@toptec-germany.de<\/a><\/p>\n<p>Gesch\u00e4ftsf\u00fchrer: Olaf D\u00f6rfler<\/p>\n<p>Handelsregister Nr. :HRB 121079<br \/>\nUmsatzsteuer-Identifikationsnummer: DE 194583660.<br \/>\nFotos, Buttons und Grafiken:<\/p>\n<p>Die in dieser Internetpr\u00e4senz und in den zum Download angebotenen Informationsbrosch\u00fcren verwendeten Fotos, Buttons und Grafiken unterliegen dem Urheberrecht der jeweiligen Fotografen und Grafikern bzw. deren Repr\u00e4sentanten.<br \/>\nHaftungsausschluss (Disclaimer)#<\/p>\n<p><strong>Quellennachweis:<\/strong><br \/>\niStock: @shironosov iStock_000009401431<\/p>\n<p><strong>Haftung f\u00fcr Inhalte<\/strong><\/p>\n<p>Als Diensteanbieter sind wir gem\u00e4\u00df \u00a7 7 Abs.1 TMG f\u00fcr eigene Inhalte auf diesen Seiten nach den allgemeinen Gesetzen verantwortlich. Nach \u00a7\u00a7 8 bis 10 TMG sind wir als Diensteanbieter jedoch nicht verpflichtet, \u00fcbermittelte oder gespeicherte fremde Informationen zu \u00fcberwachen oder nach Umst\u00e4nden zu forschen, die auf eine rechtswidrige T\u00e4tigkeit hinweisen. Verpflichtungen zur Entfernung oder Sperrung der Nutzung von Informationen nach den allgemeinen Gesetzen bleiben hiervon unber\u00fchrt. Eine diesbez\u00fcgliche Haftung ist jedoch erst ab dem Zeitpunkt der Kenntnis einer konkreten Rechtsverletzung m\u00f6glich. Bei Bekanntwerden von entsprechenden Rechtsverletzungen werden wir diese Inhalte umgehend entfernen.<\/p>\n<p><strong>Haftung f\u00fcr Links<\/strong><\/p>\n<p>Unser Angebot enth\u00e4lt Links zu externen Webseiten Dritter, auf deren Inhalte wir keinen Einfluss haben. Deshalb k\u00f6nnen wir f\u00fcr diese fremden Inhalte auch keine Gew\u00e4hr \u00fcbernehmen. F\u00fcr die Inhalte der verlinkten Seiten ist stets der jeweilige Anbieter oder Betreiber der Seiten verantwortlich. Die verlinkten Seiten wurden zum Zeitpunkt der Verlinkung auf m\u00f6gliche Rechtsverst\u00f6\u00dfe \u00fcberpr\u00fcft. Rechtswidrige Inhalte waren zum Zeitpunkt der Verlinkung nicht erkennbar. Eine permanente inhaltliche Kontrolle der verlinkten Seiten ist jedoch ohne konkrete Anhaltspunkte einer Rechtsverletzung nicht zumutbar. Bei Bekanntwerden von Rechtsverletzungen werden wir derartige Links umgehend entfernen.<\/p>\n<p><strong>Urheberrecht<\/strong><\/p>\n<p>Die durch die Seitenbetreiber erstellten Inhalte und Werke auf diesen Seiten unterliegen dem deutschen Urheberrecht. Die Vervielf\u00e4ltigung, Bearbeitung, Verbreitung und jede Art der Verwertung au\u00dferhalb der Grenzen des Urheberrechtes bed\u00fcrfen der schriftlichen Zustimmung des jeweiligen Autors bzw. Erstellers. Downloads und Kopien dieser Seite sind nur f\u00fcr den privaten, nicht kommerziellen Gebrauch gestattet. Soweit die Inhalte auf dieser Seite nicht vom Betreiber erstellt wurden, werden die Urheberrechte Dritter beachtet. Insbesondere werden Inhalte Dritter als solche gekennzeichnet. Sollten Sie trotzdem auf eine Urheberrechtsverletzung aufmerksam werden, bitten wir um einen entsprechenden Hinweis. Bei Bekanntwerden von Rechtsverletzungen werden wir derartige Inhalte umgehend entfernen.<\/p>\n","protected":false},"excerpt":{"rendered":"<p>Impressum Pflichtangaben nach \u00a7 5 TeleMedienGesetz (TMG) Betreiber dieses Online-Angebotes und inhaltlich verantwortlich: Olaf D\u00f6rfler TopTec Spezialmaschinen GmbH Breithornstr. 10 D-81825 M\u00fcnchen Germany Telefon +49 (0) 89 42 72 05 50 Telefax +49 (0) 89 42 39 95 E-Mail info@toptec-germany.de Gesch\u00e4ftsf\u00fchrer: Olaf D\u00f6rfler Handelsregister Nr. :HRB 121079 Umsatzsteuer-Identifikationsnummer: DE 194583660. Fotos, Buttons und Grafiken: Die [&hellip;]<\/p>\n","protected":false},"author":1,"featured_media":0,"parent":0,"menu_order":0,"comment_status":"closed","ping_status":"closed","template":"","meta":{"footnotes":""},"yoast_head":"<!-- This site is optimized with the Yoast SEO plugin v21.5 - https:\/\/yoast.com\/wordpress\/plugins\/seo\/ -->\n<title>Imprint - TopTec<\/title>\n<meta name=\"robots\" content=\"index, follow, max-snippet:-1, max-image-preview:large, max-video-preview:-1\" \/>\n<link rel=\"canonical\" href=\"https:\/\/toptec-germany.de\/en\/imprint\/\" \/>\n<meta property=\"og:locale\" content=\"en_US\" \/>\n<meta property=\"og:type\" content=\"article\" \/>\n<meta property=\"og:title\" content=\"Imprint - TopTec\" \/>\n<meta property=\"og:description\" content=\"Impressum Pflichtangaben nach \u00a7 5 TeleMedienGesetz (TMG) Betreiber dieses Online-Angebotes und inhaltlich verantwortlich: Olaf D\u00f6rfler TopTec Spezialmaschinen GmbH Breithornstr. 10 D-81825 M\u00fcnchen Germany Telefon +49 (0) 89 42 72 05 50 Telefax +49 (0) 89 42 39 95 E-Mail info@toptec-germany.de Gesch\u00e4ftsf\u00fchrer: Olaf D\u00f6rfler Handelsregister Nr. :HRB 121079 Umsatzsteuer-Identifikationsnummer: DE 194583660. Fotos, Buttons und Grafiken: Die [&hellip;]\" \/>\n<meta property=\"og:url\" content=\"https:\/\/toptec-germany.de\/en\/imprint\/\" \/>\n<meta property=\"og:site_name\" content=\"TopTec\" \/>\n<meta name=\"twitter:card\" content=\"summary_large_image\" \/>\n<meta name=\"twitter:label1\" content=\"Est. reading time\" \/>\n\t<meta name=\"twitter:data1\" content=\"2 minutes\" \/>\n<script type=\"application\/ld+json\" class=\"yoast-schema-graph\">{\"@context\":\"https:\/\/schema.org\",\"@graph\":[{\"@type\":\"WebPage\",\"@id\":\"https:\/\/toptec-germany.de\/en\/imprint\/\",\"url\":\"https:\/\/toptec-germany.de\/en\/imprint\/\",\"name\":\"Imprint - TopTec\",\"isPartOf\":{\"@id\":\"https:\/\/toptec-germany.de\/#website\"},\"datePublished\":\"2016-03-15T16:01:43+00:00\",\"dateModified\":\"2016-03-15T16:01:43+00:00\",\"breadcrumb\":{\"@id\":\"https:\/\/toptec-germany.de\/en\/imprint\/#breadcrumb\"},\"inLanguage\":\"en-US\",\"potentialAction\":[{\"@type\":\"ReadAction\",\"target\":[\"https:\/\/toptec-germany.de\/en\/imprint\/\"]}]},{\"@type\":\"BreadcrumbList\",\"@id\":\"https:\/\/toptec-germany.de\/en\/imprint\/#breadcrumb\",\"itemListElement\":[{\"@type\":\"ListItem\",\"position\":1,\"name\":\"Home\",\"item\":\"https:\/\/toptec-germany.de\/en\/\"},{\"@type\":\"ListItem\",\"position\":2,\"name\":\"Imprint\"}]},{\"@type\":\"WebSite\",\"@id\":\"https:\/\/toptec-germany.de\/#website\",\"url\":\"https:\/\/toptec-germany.de\/\",\"name\":\"TopTec\",\"description\":\"Spezialmaschinen GmbH\",\"publisher\":{\"@id\":\"https:\/\/toptec-germany.de\/#organization\"},\"potentialAction\":[{\"@type\":\"SearchAction\",\"target\":{\"@type\":\"EntryPoint\",\"urlTemplate\":\"https:\/\/toptec-germany.de\/?s={search_term_string}\"},\"query-input\":\"required name=search_term_string\"}],\"inLanguage\":\"en-US\"},{\"@type\":\"Organization\",\"@id\":\"https:\/\/toptec-germany.de\/#organization\",\"name\":\"TopTec Spezialmaschinen GmbH\",\"url\":\"https:\/\/toptec-germany.de\/\",\"logo\":{\"@type\":\"ImageObject\",\"inLanguage\":\"en-US\",\"@id\":\"https:\/\/toptec-germany.de\/#\/schema\/logo\/image\/\",\"url\":\"https:\/\/toptec-germany.de\/wp-content\/uploads\/2016\/02\/logo.png\",\"contentUrl\":\"https:\/\/toptec-germany.de\/wp-content\/uploads\/2016\/02\/logo.png\",\"width\":506,\"height\":167,\"caption\":\"TopTec Spezialmaschinen GmbH\"},\"image\":{\"@id\":\"https:\/\/toptec-germany.de\/#\/schema\/logo\/image\/\"}}]}<\/script>\n<!-- \/ Yoast SEO plugin. -->","yoast_head_json":{"title":"Imprint - TopTec","robots":{"index":"index","follow":"follow","max-snippet":"max-snippet:-1","max-image-preview":"max-image-preview:large","max-video-preview":"max-video-preview:-1"},"canonical":"https:\/\/toptec-germany.de\/en\/imprint\/","og_locale":"en_US","og_type":"article","og_title":"Imprint - TopTec","og_description":"Impressum Pflichtangaben nach \u00a7 5 TeleMedienGesetz (TMG) Betreiber dieses Online-Angebotes und inhaltlich verantwortlich: Olaf D\u00f6rfler TopTec Spezialmaschinen GmbH Breithornstr. 10 D-81825 M\u00fcnchen Germany Telefon +49 (0) 89 42 72 05 50 Telefax +49 (0) 89 42 39 95 E-Mail info@toptec-germany.de Gesch\u00e4ftsf\u00fchrer: Olaf D\u00f6rfler Handelsregister Nr. :HRB 121079 Umsatzsteuer-Identifikationsnummer: DE 194583660. Fotos, Buttons und Grafiken: Die [&hellip;]","og_url":"https:\/\/toptec-germany.de\/en\/imprint\/","og_site_name":"TopTec","twitter_card":"summary_large_image","twitter_misc":{"Est. reading time":"2 minutes"},"schema":{"@context":"https:\/\/schema.org","@graph":[{"@type":"WebPage","@id":"https:\/\/toptec-germany.de\/en\/imprint\/","url":"https:\/\/toptec-germany.de\/en\/imprint\/","name":"Imprint - TopTec","isPartOf":{"@id":"https:\/\/toptec-germany.de\/#website"},"datePublished":"2016-03-15T16:01:43+00:00","dateModified":"2016-03-15T16:01:43+00:00","breadcrumb":{"@id":"https:\/\/toptec-germany.de\/en\/imprint\/#breadcrumb"},"inLanguage":"en-US","potentialAction":[{"@type":"ReadAction","target":["https:\/\/toptec-germany.de\/en\/imprint\/"]}]},{"@type":"BreadcrumbList","@id":"https:\/\/toptec-germany.de\/en\/imprint\/#breadcrumb","itemListElement":[{"@type":"ListItem","position":1,"name":"Home","item":"https:\/\/toptec-germany.de\/en\/"},{"@type":"ListItem","position":2,"name":"Imprint"}]},{"@type":"WebSite","@id":"https:\/\/toptec-germany.de\/#website","url":"https:\/\/toptec-germany.de\/","name":"TopTec","description":"Spezialmaschinen GmbH","publisher":{"@id":"https:\/\/toptec-germany.de\/#organization"},"potentialAction":[{"@type":"SearchAction","target":{"@type":"EntryPoint","urlTemplate":"https:\/\/toptec-germany.de\/?s={search_term_string}"},"query-input":"required name=search_term_string"}],"inLanguage":"en-US"},{"@type":"Organization","@id":"https:\/\/toptec-germany.de\/#organization","name":"TopTec Spezialmaschinen GmbH","url":"https:\/\/toptec-germany.de\/","logo":{"@type":"ImageObject","inLanguage":"en-US","@id":"https:\/\/toptec-germany.de\/#\/schema\/logo\/image\/","url":"https:\/\/toptec-germany.de\/wp-content\/uploads\/2016\/02\/logo.png","contentUrl":"https:\/\/toptec-germany.de\/wp-content\/uploads\/2016\/02\/logo.png","width":506,"height":167,"caption":"TopTec Spezialmaschinen GmbH"},"image":{"@id":"https:\/\/toptec-germany.de\/#\/schema\/logo\/image\/"}}]}},"_links":{"self":[{"href":"https:\/\/toptec-germany.de\/en\/wp-json\/wp\/v2\/pages\/425"}],"collection":[{"href":"https:\/\/toptec-germany.de\/en\/wp-json\/wp\/v2\/pages"}],"about":[{"href":"https:\/\/toptec-germany.de\/en\/wp-json\/wp\/v2\/types\/page"}],"author":[{"embeddable":true,"href":"https:\/\/toptec-germany.de\/en\/wp-json\/wp\/v2\/users\/1"}],"replies":[{"embeddable":true,"href":"https:\/\/toptec-germany.de\/en\/wp-json\/wp\/v2\/comments?post=425"}],"version-history":[{"count":1,"href":"https:\/\/toptec-germany.de\/en\/wp-json\/wp\/v2\/pages\/425\/revisions"}],"predecessor-version":[{"id":426,"href":"https:\/\/toptec-germany.de\/en\/wp-json\/wp\/v2\/pages\/425\/revisions\/426"}],"wp:attachment":[{"href":"https:\/\/toptec-germany.de\/en\/wp-json\/wp\/v2\/media?parent=425"}],"curies":[{"name":"wp","href":"https:\/\/api.w.org\/{rel}","templated":true}]}}