{"id":429,"date":"2016-03-15T17:02:57","date_gmt":"2016-03-15T16:02:57","guid":{"rendered":"http:\/\/toptec-germany.de\/en\/?page_id=429"},"modified":"2016-03-15T17:02:57","modified_gmt":"2016-03-15T16:02:57","slug":"references","status":"publish","type":"page","link":"https:\/\/toptec-germany.de\/en\/references\/","title":{"rendered":"References"},"content":{"rendered":"<div class=\"fusion-text fusion-text-1\"><p>Die <strong>TopTec Spezialmaschinen GmbH<\/strong> ber\u00e4t und beliefert Unternehmen aus der Zement- und Atomindustrie, aus dem Bau- und Abbruchsektor, sowie Gie\u00dfereien, Stahl-, Umschmelz- und Bergwerke. Viele renommierte Projekte konnten und k\u00f6nnen mit den ferngesteuerten Abbruch- und Handlingsmaschinen von TopTec schnell, effizient und ohne Gef\u00e4hrdung von Menschen realisiert werden: der Bau des Dublin-Port-Tunnels in Irland, der Abbruch des Versuchsatomkraftwerks Kahl am Main, der Bau des Autobahn-Weser-Tunnels, der Betrieb des AKB Leningrad in St. Petersburg u.v.m.<\/p>\n<\/div>\n","protected":false},"excerpt":{"rendered":"","protected":false},"author":1,"featured_media":0,"parent":0,"menu_order":0,"comment_status":"closed","ping_status":"closed","template":"","meta":{"footnotes":""},"yoast_head":"<!-- This site is optimized with the Yoast SEO plugin v21.5 - https:\/\/yoast.com\/wordpress\/plugins\/seo\/ -->\n<title>References - TopTec<\/title>\n<meta name=\"robots\" content=\"index, follow, max-snippet:-1, max-image-preview:large, max-video-preview:-1\" \/>\n<link rel=\"canonical\" href=\"https:\/\/toptec-germany.de\/en\/references\/\" \/>\n<meta property=\"og:locale\" content=\"en_US\" \/>\n<meta property=\"og:type\" content=\"article\" \/>\n<meta property=\"og:title\" content=\"References - TopTec\" \/>\n<meta property=\"og:url\" content=\"https:\/\/toptec-germany.de\/en\/references\/\" \/>\n<meta property=\"og:site_name\" content=\"TopTec\" \/>\n<meta name=\"twitter:card\" content=\"summary_large_image\" \/>\n<script type=\"application\/ld+json\" class=\"yoast-schema-graph\">{\"@context\":\"https:\/\/schema.org\",\"@graph\":[{\"@type\":\"WebPage\",\"@id\":\"https:\/\/toptec-germany.de\/en\/references\/\",\"url\":\"https:\/\/toptec-germany.de\/en\/references\/\",\"name\":\"References - TopTec\",\"isPartOf\":{\"@id\":\"https:\/\/toptec-germany.de\/#website\"},\"datePublished\":\"2016-03-15T16:02:57+00:00\",\"dateModified\":\"2016-03-15T16:02:57+00:00\",\"breadcrumb\":{\"@id\":\"https:\/\/toptec-germany.de\/en\/references\/#breadcrumb\"},\"inLanguage\":\"en-US\",\"potentialAction\":[{\"@type\":\"ReadAction\",\"target\":[\"https:\/\/toptec-germany.de\/en\/references\/\"]}]},{\"@type\":\"BreadcrumbList\",\"@id\":\"https:\/\/toptec-germany.de\/en\/references\/#breadcrumb\",\"itemListElement\":[{\"@type\":\"ListItem\",\"position\":1,\"name\":\"Home\",\"item\":\"https:\/\/toptec-germany.de\/en\/\"},{\"@type\":\"ListItem\",\"position\":2,\"name\":\"References\"}]},{\"@type\":\"WebSite\",\"@id\":\"https:\/\/toptec-germany.de\/#website\",\"url\":\"https:\/\/toptec-germany.de\/\",\"name\":\"TopTec\",\"description\":\"Spezialmaschinen GmbH\",\"publisher\":{\"@id\":\"https:\/\/toptec-germany.de\/#organization\"},\"potentialAction\":[{\"@type\":\"SearchAction\",\"target\":{\"@type\":\"EntryPoint\",\"urlTemplate\":\"https:\/\/toptec-germany.de\/?s={search_term_string}\"},\"query-input\":\"required name=search_term_string\"}],\"inLanguage\":\"en-US\"},{\"@type\":\"Organization\",\"@id\":\"https:\/\/toptec-germany.de\/#organization\",\"name\":\"TopTec Spezialmaschinen GmbH\",\"url\":\"https:\/\/toptec-germany.de\/\",\"logo\":{\"@type\":\"ImageObject\",\"inLanguage\":\"en-US\",\"@id\":\"https:\/\/toptec-germany.de\/#\/schema\/logo\/image\/\",\"url\":\"https:\/\/toptec-germany.de\/wp-content\/uploads\/2016\/02\/logo.png\",\"contentUrl\":\"https:\/\/toptec-germany.de\/wp-content\/uploads\/2016\/02\/logo.png\",\"width\":506,\"height\":167,\"caption\":\"TopTec Spezialmaschinen GmbH\"},\"image\":{\"@id\":\"https:\/\/toptec-germany.de\/#\/schema\/logo\/image\/\"}}]}<\/script>\n<!-- \/ Yoast SEO plugin. -->","yoast_head_json":{"title":"References - TopTec","robots":{"index":"index","follow":"follow","max-snippet":"max-snippet:-1","max-image-preview":"max-image-preview:large","max-video-preview":"max-video-preview:-1"},"canonical":"https:\/\/toptec-germany.de\/en\/references\/","og_locale":"en_US","og_type":"article","og_title":"References - TopTec","og_url":"https:\/\/toptec-germany.de\/en\/references\/","og_site_name":"TopTec","twitter_card":"summary_large_image","schema":{"@context":"https:\/\/schema.org","@graph":[{"@type":"WebPage","@id":"https:\/\/toptec-germany.de\/en\/references\/","url":"https:\/\/toptec-germany.de\/en\/references\/","name":"References - TopTec","isPartOf":{"@id":"https:\/\/toptec-germany.de\/#website"},"datePublished":"2016-03-15T16:02:57+00:00","dateModified":"2016-03-15T16:02:57+00:00","breadcrumb":{"@id":"https:\/\/toptec-germany.de\/en\/references\/#breadcrumb"},"inLanguage":"en-US","potentialAction":[{"@type":"ReadAction","target":["https:\/\/toptec-germany.de\/en\/references\/"]}]},{"@type":"BreadcrumbList","@id":"https:\/\/toptec-germany.de\/en\/references\/#breadcrumb","itemListElement":[{"@type":"ListItem","position":1,"name":"Home","item":"https:\/\/toptec-germany.de\/en\/"},{"@type":"ListItem","position":2,"name":"References"}]},{"@type":"WebSite","@id":"https:\/\/toptec-germany.de\/#website","url":"https:\/\/toptec-germany.de\/","name":"TopTec","description":"Spezialmaschinen GmbH","publisher":{"@id":"https:\/\/toptec-germany.de\/#organization"},"potentialAction":[{"@type":"SearchAction","target":{"@type":"EntryPoint","urlTemplate":"https:\/\/toptec-germany.de\/?s={search_term_string}"},"query-input":"required name=search_term_string"}],"inLanguage":"en-US"},{"@type":"Organization","@id":"https:\/\/toptec-germany.de\/#organization","name":"TopTec Spezialmaschinen GmbH","url":"https:\/\/toptec-germany.de\/","logo":{"@type":"ImageObject","inLanguage":"en-US","@id":"https:\/\/toptec-germany.de\/#\/schema\/logo\/image\/","url":"https:\/\/toptec-germany.de\/wp-content\/uploads\/2016\/02\/logo.png","contentUrl":"https:\/\/toptec-germany.de\/wp-content\/uploads\/2016\/02\/logo.png","width":506,"height":167,"caption":"TopTec Spezialmaschinen GmbH"},"image":{"@id":"https:\/\/toptec-germany.de\/#\/schema\/logo\/image\/"}}]}},"_links":{"self":[{"href":"https:\/\/toptec-germany.de\/en\/wp-json\/wp\/v2\/pages\/429"}],"collection":[{"href":"https:\/\/toptec-germany.de\/en\/wp-json\/wp\/v2\/pages"}],"about":[{"href":"https:\/\/toptec-germany.de\/en\/wp-json\/wp\/v2\/types\/page"}],"author":[{"embeddable":true,"href":"https:\/\/toptec-germany.de\/en\/wp-json\/wp\/v2\/users\/1"}],"replies":[{"embeddable":true,"href":"https:\/\/toptec-germany.de\/en\/wp-json\/wp\/v2\/comments?post=429"}],"version-history":[{"count":1,"href":"https:\/\/toptec-germany.de\/en\/wp-json\/wp\/v2\/pages\/429\/revisions"}],"predecessor-version":[{"id":430,"href":"https:\/\/toptec-germany.de\/en\/wp-json\/wp\/v2\/pages\/429\/revisions\/430"}],"wp:attachment":[{"href":"https:\/\/toptec-germany.de\/en\/wp-json\/wp\/v2\/media?parent=429"}],"curies":[{"name":"wp","href":"https:\/\/api.w.org\/{rel}","templated":true}]}}